{"id":1227,"date":"2022-11-21T14:54:00","date_gmt":"2022-11-21T14:54:00","guid":{"rendered":"https:\/\/web-translation.at\/chinesische-uebersetzung\/"},"modified":"2022-11-21T14:54:00","modified_gmt":"2022-11-21T14:54:00","slug":"chinesische-uebersetzung","status":"publish","type":"page","link":"https:\/\/web-translation.at\/de\/chinesische-uebersetzung\/","title":{"rendered":"Chinesische \u00dcbersetzung"},"content":{"rendered":"<h1 data-pm-slice=\"1 1 []\">Der beste Chinesisch-\u00dcbersetzungsdienst in \u00d6sterreich, 2023<\/h1>\n<p>Der beste Chinesisch-\u00dcbersetzungsdienst in <strong><a href=\"https:\/\/web-translation.at\/de\/\">\u00d6sterreich<\/a><\/strong>, 2023 Die Website Translation Austria Team kann Ihnen dabei helfen. Wir bieten 100% genaue und qualitativ hochwertige Englisch-Chinesisch-\u00dcbersetzungsdienste an und sind auf die Lokalisierung von medizinischen und juristischen Texten spezialisiert. Dank unserer langj\u00e4hrigen Erfahrung und unseres Fachwissens k\u00f6nnen wir Ihnen die bestm\u00f6gliche \u00dcbersetzung zu den g\u00fcnstigsten Preisen liefern. Wenn Sie also eine \u00dcbersetzung vom Englischen ins Chinesische ben\u00f6tigen, <strong><a href=\"https:\/\/web-translation.at\/de\/preise\/\">kontaktieren Sie uns noch heute f\u00fcr ein Angebot.<\/a><\/strong><\/p>\n<p><img loading=\"lazy\" decoding=\"async\" class=\"alignright\" src=\"https:\/\/images.surferseo.art\/3fead1c8-83b7-4f90-9a5a-0dfff10ff8e6.png\" alt=\"Chinesischer \u00dcbersetzungsservice\" width=\"239\" height=\"425\"><\/p>\n<h2>Mandarin und Vereinfachtes Englisch &#8211; Chinesisch \u00dcbersetzungsdienste<\/h2>\n<p>Englisch und Chinesisch sind sehr unterschiedliche Sprachen. Sie ist in hohem Ma\u00dfe kontextabh\u00e4ngig, und \u00c4nderungen in der Zeichenzusammensetzung k\u00f6nnen die Bedeutung von W\u00f6rtern v\u00f6llig ver\u00e4ndern. Dies stellt eine Herausforderung f\u00fcr einen professionellen \u00dcbersetzer dar, der alle Bedeutungen der W\u00f6rter verstehen muss, um Missverst\u00e4ndnisse zu vermeiden. Auch das Zielpublikum f\u00fcr die \u00dcbersetzung von Texten muss ber\u00fccksichtigt werden.<\/p>\n<h2>Beste professionelle Chinesisch-\u00dcbersetzungsdienste zu g\u00fcnstigen Preisen<\/h2>\n<p><a href=\"https:\/\/web-translation.at\/de\/\"><strong>Website Translation Service, \u00d6sterreich<\/strong><\/a>, bietet hochprofessionelle englische \u00dcbersetzungsdienste zum besten Preis auf dem Markt. Einige professionelle, erfahrene Dienste f\u00fcr chinesische Sprachen werden uns Angebote wie das hier angebotene unterbreiten. Wenn Sie dieses Angebot vergleichen, entscheiden Sie, ob ein Unternehmen Ihnen eine gute \u00dcbersetzung von Chinesisch nach Englisch zum g\u00fcnstigsten Preis anbietet.<\/p>\n<p>&nbsp;<\/p>\n<p>&nbsp;<\/p>\n<p>&nbsp;<\/p>\n<p><img loading=\"lazy\" decoding=\"async\" class=\"alignleft\" src=\"https:\/\/images.surferseo.art\/bae54c85-e3bc-4c1c-98db-09cf7e6684fd.png\" alt=\"Chinesischer \u00dcbersetzungsservice\" width=\"297\" height=\"743\"><\/p>\n<h3>Software |Technisch |Medizinisch |Beamte| Gew\u00fcnschte Dienstleistungen<\/h3>\n<p>Wir sind eines der besten Online-\u00dcbersetzungsb\u00fcros f\u00fcr Chinesisch in \u00d6sterreich. Die meisten unserer chinesischen K\u00e4ufer sind Online-Gesch\u00e4ftsinhaber in Europa. Die meisten Kunden haben ihre Gesch\u00e4ftswebseiten wie <a href=\"https:\/\/www.alibaba.com\/\" target=\"_blank\" rel=\"noopener\">Alibaba<\/a> und <a href=\"https:\/\/www.etsy.com\/\" target=\"_blank\" rel=\"noopener\">Etsy<\/a>. Einige verkaufen Produkte auf <a href=\"https:\/\/www.amazon.de\/\" target=\"_blank\" rel=\"noopener\">Amazon<\/a>, <a href=\"https:\/\/www.ebay.at\/\" target=\"_blank\" rel=\"noopener\">eBay<\/a> und anderen beliebten M\u00e4rkten. Sie m\u00fcssen die Handb\u00fccher und Beschreibungen ihrer Produkte aus dem Kantonesischen, Mandarin oder traditionellen Chinesisch ins Deutsche und in die anderen 37 Sprachen der Welt \u00fcbersetzen.<\/p>\n<h3>Unser Online-\u00dcbersetzungssystem Chinesisch-Englisch<\/h3>\n<p>Wir bieten das Schreiben von offiziellen Produktbeschreibungen und die Lokalisierung von technischen Zeichen mit <a href=\"https:\/\/www.germanseo.de\/\" target=\"_blank\" rel=\"noopener\">Suchmaschinenoptimierung<\/a> an. Chinesische Produkte sind weltweit sehr beliebt, und viele neue chinesische Unternehmen sind begierig darauf, in Europa Gesch\u00e4fte zu machen.<\/p>\n<h3>Unsere Traditionelle, Vereinfachte und Mandarin-Sprache<\/h3>\n<p>China hat die gr\u00f6\u00dfte Bev\u00f6lkerung der Welt. Es ist also ganz normal, dass wir erwarten, dass von dort ein Maximum an Handelsangeboten f\u00fcr den Rest der Welt kommen wird. Da Englisch eine weit verbreitete Kommunikationssprache ist, sind Gesch\u00e4ftsleute daran interessiert, wichtige Informationen, die ihr Gesch\u00e4ft betreffen, aus dem Mandarin-Chinesischen ins Englische zu \u00fcbersetzen. Benutzerhandb\u00fccher, Systembeschreibungen und <a href=\"https:\/\/www.germanseo.de\/\" target=\"_blank\" rel=\"noopener\">SEO<\/a>-Lokalisierung sind f\u00fcr ein erfolgreiches Gesch\u00e4ft in Europa unerl\u00e4sslich.<\/p>\n<h3>Zertifizierte Chinesisch-\u00dcbersetzung |Mandarin Kantonesisch und Traditionelles Chinesisch \u00dcbersetzung<\/h3>\n<p>Sie erhalten von uns \u00dcbersetzungsl\u00f6sungen f\u00fcr Kantonesisch, traditionelles und Mandarin-Chinesisch ins Deutsche oder andere europ\u00e4ische Sprachen. Unsere offiziellen, softwarebezogenen, technischen, juristischen und medizinischen \u00dcbersetzungen sind f\u00fcr juristische und berufliche Zwecke geeignet.<\/p>\n<p>Wenn Sie eine \u00dcbersetzung vom Englischen ins Chinesische f\u00fcr Dokumente aus verschiedenen Bereichen wie Medizin, Recht und Wirtschaft ben\u00f6tigen, k\u00f6nnen Sie sich auf unsere zertifizierten Linguisten verlassen. Sie sind ein hochwertiger Dienstleister. <strong><a href=\"https:\/\/web-translation.at\/de\/preise\/#\">Klicken Sie hier f\u00fcr Mandarin-\u00dcbersetzungen.<\/a><\/strong><\/p>\n<h3>Englisch-Chinesisch-\u00dcbersetzungen durch einen zertifizierten Chinesisch-\u00dcbersetzer<\/h3>\n<p>Unsere muttersprachlichen offiziellen Englisch-Chinesisch-\u00dcbersetzer sind in chinesischer und englischer Linguistik zertifiziert. Sie k\u00f6nnen beglaubigte chinesische und englische \u00dcbersetzungen liefern.<\/p>\n<p>Bei Universal\u00fcbersetzungen ist unser Prozess der TEP-Prozess \u00dcbersetzen Lektorat Korrektorat. Ihre \u00dcbersetzung wird von mehreren Experten gepr\u00fcft und von den Experten auf dieser Website auf Genauigkeit, Klarheit und Nuancen untersucht, unabh\u00e4ngig davon, wie oft die \u00dcbersetzungsdienste ben\u00f6tigt werden.<\/p>\n<h2>Chinesisch-Englisch \u00dcbersetzung Unternehmen, \u00d6sterreich<\/h2>\n<p>Unser \u00dcbersetzungsb\u00fcro liefert professionelle Chinesisch-\u00dcbersetzungen. Alle unsere Dienstleistungen sind 100% genau und von hoher Qualit\u00e4t. Bei Bedarf bieten wir auch beglaubigte \u00dcbersetzungen an. China, Taiwan, Hongkong, sind unsere Linguisten Experten f\u00fcr bestimmte lokale Dialekte.<\/p>\n<p>Ebenso bieten wir Chinesisch-Englisch-\u00dcbersetzungsdienste an. \u00dcbersetzung Englisch-Chinesisch und \u00dcbersetzungen Chinesisch-Englisch. \u00dcbersetzungen von Chinesisch nach Deutsch und Deutsch nach Chinesisch. Chinesisch in Englisch in Andere Sprachen \u00dcbersetzungen.<\/p>\n<h1>Unsere beliebten Chinesisch-\u00dcbersetzungsdienste<\/h1>\n<p>F\u00fchrende chinesische und internationale Unternehmen arbeiten seit mehr als acht Jahren mit uns zusammen. Die meisten unserer Kunden fragen nach folgenden Dienstleistungen:<\/p>\n<ul>\n<li>Software-Lokalisierung<\/li>\n<li>Medizinische Rechnungen \u00fcbersetzen<\/li>\n<li>\u00dcbersetzung juristischer Dokumente<\/li>\n<li>Offizielle Erkl\u00e4rung und Vertrags\u00fcbersetzung<\/li>\n<li>Native Movies Untertitel \u00dcbersetzung und Zitierung<\/li>\n<li>Muttersprache Chinesisch &#8211; Deutsch Linguistik<\/li>\n<\/ul>\n<h2>Der Unterschied zwischen Vereinfachtem Chinesisch und Traditionellem Chinesisch<\/h2>\n<p>Derzeit ist Chinesisch die beliebteste gesprochene Sprache weltweit und wird von etwa 20% der Menschen gesprochen. H\u00e4ufig unterscheiden sich vereinfachtes Chinesisch und traditionelles Chinesisch von chinesischen Schriften im herk\u00f6mmlichen Sinne. Sie haben die gleiche grundlegende grammatikalische Struktur: Vereinfachtes Chinesisch und traditionelles Chinesisch haben einen unterschiedlichen Schreibstil und sind nicht austauschbar. Daher sollten Sie die \u00dcbersetzung so einfach wie m\u00f6glich gestalten.<\/p>\n<h2>Chinesische \u00dcbersetzungsdienste f\u00fcr Unternehmen<\/h2>\n<p>Der Welthandel w\u00e4chst von Tag zu Tag weiter. Gesch\u00e4fts\u00fcbersetzungen sind ein wichtiges Element f\u00fcr Unternehmen, die eine globale Karriere in diesem Bereich anstreben. Auch wenn sich die Gesch\u00e4ftskulturen der einzelnen L\u00e4nder in Bezug auf Standards, Sprachverst\u00e4ndnis, Standardpraktiken, Umgangsformen und Schreibweisen unterscheiden k\u00f6nnen. Website Translation Service ist ein professionelles Sprachdienstleistungsunternehmen mit Sitz in \u00d6sterreich. Die \u00dcbersetzungsexperten haben Erfahrung mit jeder Art von \u00dcbersetzung; die \u00dcbersetzung wird zur besseren Anpassung lokalisiert und hilft den Kunden, ihre Ziele zu erreichen.<\/p>\n<h2>Chinas Bedeutung in der Welt<\/h2>\n<p>Gelegentlich kommen auch Menschen zu Fall. China hat aus irgendeinem Grund den Ruf, schlecht zu sein. Dieses neue System lehrt die Industrie neue Werte und bietet Methoden, mit denen die Produktion eines Unternehmens in letzter Zeit verdreifacht werden konnte. Unser Fortschritt w\u00e4re durch chinesische Genies stark verz\u00f6gert worden. Die Auswirkungen Chinas sind eine Tatsache, die in der Technologie nicht gesehen wird. Die Chinesen haben einen Einfluss auf die Kulturgeschichte. Dieser Bereich bringt uns viele Dinge. Wir haben viel \u00fcber die Techniken der Teezubereitung und die Art und Weise, wie wir uns kleiden, gelernt.<\/p>\n<h2>Mandarin<\/h2>\n<p>Es gibt verschiedene Arten von Chinesisch, aber Mandarin war schon immer die am meisten verbreitete unter ihnen. Mandarin wird vor allem in China gesprochen, aber die Sprache ist auf der ganzen Welt verbreitet. Der Dialekt in Peking ist vielf\u00e4ltig; der hier gesprochene schafft eine Standardvariante. Es wird von mehr als einer Milliarde englischer Muttersprachler verwendet. Es ist interessant, dass die Zunge kein Alphabet hat. Das Mandarin-Alphabet setzt sich aus vielen Zeichen zusammen. Obwohl es schwierig zu lesen sein kann, macht das Zungenzeichen das Lesen leicht.<\/p>\n<h2>Sie suchen einen Chinesisch-\u00dcbersetzungsdienst?<\/h2>\n<p>Wenn ein chinesisches Unternehmen seine Gesch\u00e4ftst\u00e4tigkeit ausweiten m\u00f6chte, braucht eine Werbeagentur einen chinesischen Kundenstamm, um ihr Gesch\u00e4ft auszubauen. Die Zertifizierung von \u00dcbersetzungen aus dem Chinesischen ins Englische ist schwierig, aber die Nachfrage nach Chinesisch-\u00dcbersetzern steigt rapide an. Unternehmen und Beh\u00f6rden sind zunehmend auf \u00dcbersetzer angewiesen, um mit chinesischen K\u00e4ufern, Zielgruppen und Mitarbeitern Mandarin zu sprechen. Chinesische \u00dcbersetzungen sind schwierig.<\/p>\n<h2>Zertifizierte Chinesisch-Englisch-\u00dcbersetzung f\u00fcr USCIS<\/h2>\n<p>Wir verf\u00fcgen \u00fcber ein erfahrenes Team von \u00dcbersetzern, die von der Professional Translator Association, einschlie\u00dflich der American Translating Association, lizenziert sind. Wir bieten beglaubigte \u00dcbersetzerdienste von Chinesisch nach Englisch f\u00fcr die \u00dcbersetzung von Dokumenten ins\/aus dem Chinesischen.<\/p>\n<h2>Unsere professionellen Chinesisch \u00dcbersetzer<\/h2>\n<p>Die Chinesisch-\u00dcbersetzer von WTS sind Experten und haben umfangreiche professionelle \u00dcbersetzungserfahrung. Deshalb kann die Google-Technologie genutzt werden, um schnell qualitativ hochwertige, neu produzierte Inhalte zu erstellen. Unser innovatives \u00dcbersetzernetzwerk und unser globales Netzwerk bedeuten, dass Sie sich auf unsere Qualit\u00e4t verlassen k\u00f6nnen, egal wie komplex oder gro\u00df Ihr chinesisches \u00dcbersetzungsprojekt ist.<\/p>\n<p>Wie \u00fcbersetzt man einen englischen Text ins Englische und Chinesische?<\/p>\n<h2>Fakten \u00fcber die chinesische Sprache<\/h2>\n<p>Die \u00e4lteste Schriftsprache Chinas ist ein integraler Bestandteil der sino-tibetischen Sprachfamilie. 1949 begann die vereinfachte chinesische Sprache zu entstehen. Diese wird derzeit in China verwendet und die traditionelle Version bleibt in Hongkong, Taiwan und Macao in Betrieb. Obwohl ihre Grammatiksysteme und ihre Aussprache sehr unterschiedlich sind, haben chinesische Schriftzeichen Eingang in die japanische Kultur gefunden.<\/p>\n<h2>Professionelle \u00dcbersetzung | Offiziell | Rechtlich | Medizinisch | Lokalisierung<\/h2>\n<p>Unsere \u00dcbersetzer bieten eine schnelle Bearbeitung gr\u00f6\u00dferer Dokumente \u00fcber das Kollaborationsportal in \u00d6sterreich. Einige \u00dcbersetzungsspezialisten haben umfangreiche Erfahrungen mit der \u00dcbersetzung gro\u00dfer Dokumente. F\u00fcr kleinere Anfragen, wie z.B. die \u00dcbersetzung von Geburtsurkunden, k\u00f6nnen wir innerhalb von 24 Stunden liefern.<\/p>\n<p>Unsere Spezialit\u00e4t sind beglaubigte chinesische \u00dcbersetzungsdienste, wobei wir uns sowohl auf chinesische als auch auf englische \u00dcbersetzungen konzentrieren. Mehrere unserer Projekte sind nach Meinung unserer Kunden sehr erfolgreich. Wir gew\u00e4hrleisten eine hohe \u00dcbersetzungsqualit\u00e4t und kurze Bearbeitungszeiten, um alle Anforderungen unserer Kunden an exzellente Chinesisch-\u00dcbersetzungsdienste zu erf\u00fcllen. Mit Website Chinese Translation company Austria arbeiten Sie mit einem professionellen Chinesisch-\u00dcbersetzer zusammen, der Ihnen eine beglaubigte \u00dcbersetzung vom Chinesischen ins Deutsche oder vom Deutschen ins Chinesische liefert.<\/p>\n<h3>Zertifizierte Mandarin-Dolmetscherdienste<\/h3>\n<p>Dank unserer qualifizierten Linguisten bietet unser Unternehmen hochwertige \u00dcbersetzungsdienste f\u00fcr chinesische Dokumente in den wichtigsten St\u00e4dten in <strong>\u00d6sterreich, Deutschland und der Schweiz<\/strong>. Unsere Qualit\u00e4ts\u00fcbersetzungsdienste erm\u00f6glichen auch die \u00dcbersetzung des Textes f\u00fcr den Kunden durch den chinesischen Sprecher. Wenn Sie einen Chinesisch-Dolmetscher f\u00fcr eine andere Sprache oder einen anderen Dialekt ben\u00f6tigen, k\u00f6nnen wir Ihnen ebenfalls helfen. Unsere Mandarin-\u00dcbersetzer verf\u00fcgen \u00fcber au\u00dfergew\u00f6hnliche Kenntnisse aller Arten von Sprachen, einschlie\u00dflich der Simultan-, der sequentiellen und der sekund\u00e4ren Sprache. Dar\u00fcber hinaus k\u00f6nnen Sie unsere Interpretationsausr\u00fcstung mieten.<\/p>\n<h2>\u00dcbersetzung von chinesischen Dokumenten f\u00fcr Ihr Unternehmen<\/h2>\n<p>Solange Sie die Chance haben, einen ersten Eindruck zu hinterlassen, k\u00f6nnen Sie sicherstellen, dass alle Ihre Dokumente professionell verfasst wurden und Ihr Treffen reibungslos verl\u00e4uft. Geben Sie Ihren Kunden einen guten Grund, Ihr Marketingmaterial und Ihre Angebote auf Englisch zu verfassen. Erhalten Sie kostenlose Angebote f\u00fcr Mandarin-\u00dcbersetzungen von Branchenexperten.<\/p>\n<h2>Beste chinesische Dokumenten\u00fcbersetzung und Sprachdienste<\/h2>\n<p>Unsere \u00dcbersetzer \u00fcbersetzen chinesische Dokumente in jedes Dateiformat, einschlie\u00dflich Word, PDF, Excel, InDesign und FrameMaker. Unsere PDF-\u00dcbersetzungsdienste sind in mehr als 60 Sprachen verf\u00fcgbar.<\/p>\n","protected":false},"excerpt":{"rendered":"<p>Der beste Chinesisch-\u00dcbersetzungsdienst in \u00d6sterreich, 2023 Der beste Chinesisch-\u00dcbersetzungsdienst in \u00d6sterreich, 2023 Die Website Translation Austria Team kann Ihnen dabei helfen. Wir bieten 100% genaue und qualitativ hochwertige Englisch-Chinesisch-\u00dcbersetzungsdienste an und sind auf die Lokalisierung von medizinischen und juristischen Texten spezialisiert. Dank unserer langj\u00e4hrigen Erfahrung und unseres Fachwissens k\u00f6nnen wir Ihnen die bestm\u00f6gliche \u00dcbersetzung zu [&hellip;]<\/p>\n","protected":false},"author":1,"featured_media":1211,"parent":0,"menu_order":0,"comment_status":"closed","ping_status":"closed","template":"","meta":{"footnotes":""},"class_list":["post-1227","page","type-page","status-publish","has-post-thumbnail","hentry"],"_links":{"self":[{"href":"https:\/\/web-translation.at\/de\/wp-json\/wp\/v2\/pages\/1227","targetHints":{"allow":["GET"]}}],"collection":[{"href":"https:\/\/web-translation.at\/de\/wp-json\/wp\/v2\/pages"}],"about":[{"href":"https:\/\/web-translation.at\/de\/wp-json\/wp\/v2\/types\/page"}],"author":[{"embeddable":true,"href":"https:\/\/web-translation.at\/de\/wp-json\/wp\/v2\/users\/1"}],"replies":[{"embeddable":true,"href":"https:\/\/web-translation.at\/de\/wp-json\/wp\/v2\/comments?post=1227"}],"version-history":[{"count":0,"href":"https:\/\/web-translation.at\/de\/wp-json\/wp\/v2\/pages\/1227\/revisions"}],"wp:featuredmedia":[{"embeddable":true,"href":"https:\/\/web-translation.at\/de\/wp-json\/wp\/v2\/media\/1211"}],"wp:attachment":[{"href":"https:\/\/web-translation.at\/de\/wp-json\/wp\/v2\/media?parent=1227"}],"curies":[{"name":"wp","href":"https:\/\/api.w.org\/{rel}","templated":true}]}}